{"id":55,"date":"2025-03-31T20:33:35","date_gmt":"2025-03-31T20:33:35","guid":{"rendered":"https:\/\/fundacionalto.org\/?page_id=55"},"modified":"2025-03-31T20:41:30","modified_gmt":"2025-03-31T20:41:30","slug":"queremos-escucharte","status":"publish","type":"page","link":"https:\/\/fundacionalto.org\/index.php\/queremos-escucharte\/","title":{"rendered":"Queremos Escucharte"},"content":{"rendered":"\n<p>formulario<\/p>\n\n\n<div class=\"wpforms-container wpforms-container-full wpforms-block wpforms-block-5839a236-a5b7-42ce-8d96-1d62b4f41534 wpforms-render-modern\" id=\"wpforms-64\"><form id=\"wpforms-form-64\" class=\"wpforms-validate wpforms-form wpforms-ajax-form\" data-formid=\"64\" method=\"post\" enctype=\"multipart\/form-data\" action=\"\/index.php\/wp-json\/wp\/v2\/pages\/55\" data-token=\"c42bd767da6b0a83845969cb198b356a\" data-token-time=\"1777381701\"><noscript class=\"wpforms-error-noscript\">Por favor, activa JavaScript en tu navegador para completar este formulario.<\/noscript><div id=\"wpforms-error-noscript\" style=\"display: none;\">Por favor, activa JavaScript en tu navegador para completar este formulario.<\/div><div class=\"wpforms-field-container\"><div id=\"wpforms-64-field_6-container\" class=\"wpforms-field wpforms-field-textarea\" data-field-id=\"6\"><label class=\"wpforms-field-label\" for=\"wpforms-64-field_6\">\u00bfQu\u00e9 tipo de ayuda te gustar\u00eda recibir de una fundaci\u00f3n como ALTO? (respuesta abierta)<\/label><textarea id=\"wpforms-64-field_6\" class=\"wpforms-field-medium\" name=\"wpforms[fields][6]\" aria-errormessage=\"wpforms-64-field_6-error\" ><\/textarea><\/div><div id=\"wpforms-64-field_4-container\" class=\"wpforms-field wpforms-field-checkbox\" data-field-id=\"4\"><fieldset><legend class=\"wpforms-field-label\"> \u00bfCu\u00e1l es tu relaci\u00f3n con la obesidad?<\/legend><ul id=\"wpforms-64-field_4\"><li class=\"choice-1 depth-1\"><input type=\"checkbox\" id=\"wpforms-64-field_4_1\" name=\"wpforms[fields][4][]\" value=\"La vivo en carne propia\" aria-errormessage=\"wpforms-64-field_4_1-error\"  ><label class=\"wpforms-field-label-inline\" for=\"wpforms-64-field_4_1\">La vivo en carne propia<\/label><\/li><li class=\"choice-2 depth-1\"><input type=\"checkbox\" id=\"wpforms-64-field_4_2\" name=\"wpforms[fields][4][]\" value=\"Acompa\u00f1o a un hijo o familiar con obesidadSegunda opci\u00f3n\" aria-errormessage=\"wpforms-64-field_4_2-error\"  ><label class=\"wpforms-field-label-inline\" for=\"wpforms-64-field_4_2\">Acompa\u00f1o a un hijo o familiar con obesidadSegunda opci\u00f3n<\/label><\/li><li class=\"choice-3 depth-1\"><input type=\"checkbox\" id=\"wpforms-64-field_4_3\" name=\"wpforms[fields][4][]\" value=\"Soy docente o cuidador\" aria-errormessage=\"wpforms-64-field_4_3-error\"  ><label class=\"wpforms-field-label-inline\" for=\"wpforms-64-field_4_3\">Soy docente o cuidador<\/label><\/li><li class=\"choice-4 depth-1\"><input type=\"checkbox\" id=\"wpforms-64-field_4_4\" name=\"wpforms[fields][4][]\" value=\"Soy profesional de la salud\" aria-errormessage=\"wpforms-64-field_4_4-error\"  ><label class=\"wpforms-field-label-inline\" for=\"wpforms-64-field_4_4\">Soy profesional de la salud<\/label><\/li><\/ul><\/fieldset><\/div><div id=\"wpforms-64-field_3-container\" class=\"wpforms-field wpforms-field-textarea\" data-field-id=\"3\"><label class=\"wpforms-field-label\" for=\"wpforms-64-field_3\">\u00bfQu\u00e9 ha sido lo m\u00e1s dif\u00edcil para ti o tu familia en este tema? (respuesta abierta)<\/label><textarea id=\"wpforms-64-field_3\" class=\"wpforms-field-medium\" name=\"wpforms[fields][3]\" aria-errormessage=\"wpforms-64-field_3-error\" ><\/textarea><\/div><div id=\"wpforms-64-field_5-container\" class=\"wpforms-field wpforms-field-checkbox\" data-field-id=\"5\"><fieldset><legend class=\"wpforms-field-label\">\u00bfHas sentido rechazo, juicio o discriminaci\u00f3n por el peso?<\/legend><ul id=\"wpforms-64-field_5\"><li class=\"choice-1 depth-1\"><input type=\"checkbox\" id=\"wpforms-64-field_5_1\" name=\"wpforms[fields][5][]\" value=\"S\u00ed\" aria-errormessage=\"wpforms-64-field_5_1-error\"  ><label class=\"wpforms-field-label-inline\" for=\"wpforms-64-field_5_1\">S\u00ed<\/label><\/li><li class=\"choice-2 depth-1\"><input type=\"checkbox\" id=\"wpforms-64-field_5_2\" name=\"wpforms[fields][5][]\" value=\"No\" aria-errormessage=\"wpforms-64-field_5_2-error\"  ><label class=\"wpforms-field-label-inline\" for=\"wpforms-64-field_5_2\">No<\/label><\/li><\/ul><\/fieldset><\/div>\t\t<div id=\"wpforms-64-field_9-container\"\n\t\t\tclass=\"wpforms-field wpforms-field-text\"\n\t\t\tdata-field-type=\"text\"\n\t\t\tdata-field-id=\"9\"\n\t\t\t>\n\t\t\t<label class=\"wpforms-field-label\" for=\"wpforms-64-field_9\" >ti juicio familia<\/label>\n\t\t\t<input type=\"text\" id=\"wpforms-64-field_9\" class=\"wpforms-field-medium\" name=\"wpforms[fields][9]\" >\n\t\t<\/div>\n\t\t<div id=\"wpforms-64-field_7-container\" class=\"wpforms-field wpforms-field-checkbox\" data-field-id=\"7\"><fieldset><legend class=\"wpforms-field-label\">\u00bfEstar\u00edas dispuesto(a) a participar en talleres, espacios de escucha o actividades de la fundaci\u00f3n?<\/legend><ul id=\"wpforms-64-field_7\"><li class=\"choice-1 depth-1\"><input type=\"checkbox\" id=\"wpforms-64-field_7_1\" name=\"wpforms[fields][7][]\" value=\"S\u00ed\" aria-errormessage=\"wpforms-64-field_7_1-error\"  ><label class=\"wpforms-field-label-inline\" for=\"wpforms-64-field_7_1\">S\u00ed<\/label><\/li><li class=\"choice-2 depth-1\"><input type=\"checkbox\" id=\"wpforms-64-field_7_2\" name=\"wpforms[fields][7][]\" value=\"No por ahora\" aria-errormessage=\"wpforms-64-field_7_2-error\"  ><label class=\"wpforms-field-label-inline\" for=\"wpforms-64-field_7_2\">No por ahora<\/label><\/li><\/ul><\/fieldset><\/div><div id=\"wpforms-64-field_8-container\" class=\"wpforms-field wpforms-field-radio\" data-field-id=\"8\"><fieldset><legend class=\"wpforms-field-label\">\u00bfQuieres que te contactemos para contarte m\u00e1s?<\/legend><ul id=\"wpforms-64-field_8\"><li class=\"choice-1 depth-1\"><input type=\"radio\" id=\"wpforms-64-field_8_1\" name=\"wpforms[fields][8]\" value=\"S\u00ed\" aria-errormessage=\"wpforms-64-field_8_1-error\"  ><label class=\"wpforms-field-label-inline\" for=\"wpforms-64-field_8_1\">S\u00ed<\/label><\/li><li class=\"choice-2 depth-1\"><input type=\"radio\" id=\"wpforms-64-field_8_2\" name=\"wpforms[fields][8]\" value=\"No\" aria-errormessage=\"wpforms-64-field_8_2-error\"  ><label class=\"wpforms-field-label-inline\" for=\"wpforms-64-field_8_2\">No<\/label><\/li><\/ul><\/fieldset><\/div><div id=\"wpforms-64-field_2-container\" class=\"wpforms-field wpforms-field-email\" data-field-id=\"2\"><label class=\"wpforms-field-label\" for=\"wpforms-64-field_2\">Correo electr\u00f3nico ( no obligatorio) <\/label><input type=\"email\" id=\"wpforms-64-field_2\" class=\"wpforms-field-medium\" name=\"wpforms[fields][2]\" spellcheck=\"false\" aria-errormessage=\"wpforms-64-field_2-error\" ><\/div><div id=\"wpforms-64-field_1-container\" class=\"wpforms-field wpforms-field-name\" data-field-id=\"1\"><fieldset><legend class=\"wpforms-field-label\">Nombre (no obligatorio)<\/legend><div class=\"wpforms-field-row wpforms-field-medium\"><div class=\"wpforms-field-row-block wpforms-first wpforms-one-half\"><input type=\"text\" id=\"wpforms-64-field_1\" class=\"wpforms-field-name-first\" name=\"wpforms[fields][1][first]\" aria-errormessage=\"wpforms-64-field_1-error\" ><label for=\"wpforms-64-field_1\" class=\"wpforms-field-sublabel after\">Nombre<\/label><\/div><div class=\"wpforms-field-row-block wpforms-one-half\"><input type=\"text\" id=\"wpforms-64-field_1-last\" class=\"wpforms-field-name-last\" name=\"wpforms[fields][1][last]\" aria-errormessage=\"wpforms-64-field_1-last-error\" ><label for=\"wpforms-64-field_1-last\" class=\"wpforms-field-sublabel after\">Apellidos<\/label><\/div><\/div><\/fieldset><\/div><script>\n\t\t\t\t( function() {\n\t\t\t\t\tconst style = document.createElement( 'style' );\n\t\t\t\t\tstyle.appendChild( document.createTextNode( '#wpforms-64-field_9-container { position: absolute !important; overflow: hidden !important; display: inline !important; height: 1px !important; width: 1px !important; z-index: -1000 !important; padding: 0 !important; } #wpforms-64-field_9-container input { visibility: hidden; } #wpforms-conversational-form-page #wpforms-64-field_9-container label { counter-increment: none; }' ) );\n\t\t\t\t\tdocument.head.appendChild( style );\n\t\t\t\t\tdocument.currentScript?.remove();\n\t\t\t\t} )();\n\t\t\t<\/script><\/div><!-- .wpforms-field-container --><div class=\"wpforms-submit-container\" ><input type=\"hidden\" name=\"wpforms[id]\" value=\"64\"><input type=\"hidden\" name=\"page_title\" value=\"\"><input type=\"hidden\" name=\"page_url\" value=\"https:\/\/fundacionalto.org\/index.php\/wp-json\/wp\/v2\/pages\/55\"><input type=\"hidden\" name=\"url_referer\" value=\"\"><button type=\"submit\" name=\"wpforms[submit]\" id=\"wpforms-submit-64\" class=\"wpforms-submit\" data-alt-text=\"Enviando...\" data-submit-text=\"Enviar\" aria-live=\"assertive\" value=\"wpforms-submit\">Enviar<\/button><img loading=\"lazy\" decoding=\"async\" src=\"https:\/\/fundacionalto.org\/wp-content\/plugins\/wpforms-lite\/assets\/images\/submit-spin.svg\" class=\"wpforms-submit-spinner\" style=\"display: none;\" width=\"26\" height=\"26\" alt=\"Cargando\"><\/div><\/form><\/div>  <!-- .wpforms-container -->","protected":false},"excerpt":{"rendered":"<p>formulario<\/p>\n","protected":false},"author":1,"featured_media":0,"parent":0,"menu_order":0,"comment_status":"closed","ping_status":"closed","template":"","meta":{"footnotes":""},"class_list":["post-55","page","type-page","status-publish","hentry"],"rttpg_featured_image_url":null,"rttpg_author":{"display_name":"fundacionaltoorg@gmail.com","author_link":"https:\/\/fundacionalto.org\/index.php\/author\/fundacionaltoorggmail-com\/"},"rttpg_comment":0,"rttpg_category":null,"rttpg_excerpt":"formulario","_links":{"self":[{"href":"https:\/\/fundacionalto.org\/index.php\/wp-json\/wp\/v2\/pages\/55","targetHints":{"allow":["GET"]}}],"collection":[{"href":"https:\/\/fundacionalto.org\/index.php\/wp-json\/wp\/v2\/pages"}],"about":[{"href":"https:\/\/fundacionalto.org\/index.php\/wp-json\/wp\/v2\/types\/page"}],"author":[{"embeddable":true,"href":"https:\/\/fundacionalto.org\/index.php\/wp-json\/wp\/v2\/users\/1"}],"replies":[{"embeddable":true,"href":"https:\/\/fundacionalto.org\/index.php\/wp-json\/wp\/v2\/comments?post=55"}],"version-history":[{"count":3,"href":"https:\/\/fundacionalto.org\/index.php\/wp-json\/wp\/v2\/pages\/55\/revisions"}],"predecessor-version":[{"id":69,"href":"https:\/\/fundacionalto.org\/index.php\/wp-json\/wp\/v2\/pages\/55\/revisions\/69"}],"wp:attachment":[{"href":"https:\/\/fundacionalto.org\/index.php\/wp-json\/wp\/v2\/media?parent=55"}],"curies":[{"name":"wp","href":"https:\/\/api.w.org\/{rel}","templated":true}]}}